{"id":134,"date":"2024-01-31T09:39:27","date_gmt":"2024-01-31T08:39:27","guid":{"rendered":"https:\/\/dev2.undergroundcomunica.it\/?page_id=134"},"modified":"2024-01-31T09:40:05","modified_gmt":"2024-01-31T08:40:05","slug":"normativa-sulla-privacy","status":"publish","type":"page","link":"https:\/\/www.italmedic.com\/en\/normativa-sulla-privacy\/","title":{"rendered":"Normativa sulla privacy"},"content":{"rendered":"<section class=\"wpb-content-wrapper\"><div      class=\"vc_row wpb_row section vc_row-fluid\" style=' text-align:left;'><div class=\"full_section_inner clearfix\"><div class=\"wpb_column vc_column_container vc_col-sm-2\"><div class=\"vc_column-inner\"><div class=\"wpb_wrapper\"><\/div><\/div><\/div><div class=\"wpb_column vc_column_container vc_col-sm-8\"><div class=\"vc_column-inner\"><div class=\"wpb_wrapper\">\n\t<div class=\"wpb_text_column wpb_content_element\">\n\t\t<div class=\"wpb_wrapper\">\n\t\t\t<p><strong>NORMATIVA SULLA PRIVACY<\/strong><\/p>\n<p>Aggiornata al 25.09.2021<\/p>\n<p>Questa informativa \u00e8 redatta e personalizzata per i visitatori del sito web italmedic.com. Il presente documento annulla e sostituisce integralmente il documento che era stato pubblicato in precedenza in tema di cookie.<\/p>\n<p>PRIVACY POLICY \u2013 INFORMATIVA SITO WEB AI SENSI DELL\u2019ART 13 E 14 DEL REGOLAMENTO EUROPEO 2016\/679 (GDPR)<\/p>\n<p>Specifiche informative di sintesi sono progressivamente riportate o visualizzate nelle pagine del sito predisposte per particolari servizi a richiesta che prevedono form per la raccolta dei dati. La informiamo inoltre che, per fornire un servizio completo, il nostro sito pu\u00f2 contenere link ad altri siti web, non gestiti da Italmedic S.r.l.. Italmedic S.r.l. non \u00e8 responsabile di errori, contenuti, cookies, pubblicazioni di contenuto morale illecito, pubblicit\u00e0, banner o files non conformi alle disposizioni normative vigenti e del rispetto della normativa Privacy da parte di siti non gestiti dal Titolare.<\/p>\n<p>Italmedic S.r.l., in qualit\u00e0 di Titolare del trattamento dei suoi dati personali ai sensi e per gli effetti degli art. 13 e 14 del Regolamento Europeo 2016\/679, con la presente La informa che la citata normativa prevede la tutela dei soggetti \u00a0interessati rispetto al trattamento dei dati personali e che tale trattamento sar\u00e0 improntato ai principi di correttezza, liceit\u00e0 e trasparenza e di tutela della Sua riservatezza e dei Suoi diritti. Le informazioni ed i dati personali da Lei forniti od altrimenti acquisti nell\u2019ambito dell\u2019utilizzo del sito saranno trattati in accordo alle disposizioni legislative della normativa sopra richiamata e degli obblighi di riservatezza ivi previsti<\/p>\n<p>SOGGETTI INTERESSATI E TEMPO DI CONSERVAZIONE<br \/>\nA) utenti (navigatori) del sito web www.itamedic.com<br \/>\nTipologia di dati trattati<br \/>\nDati di Navigazione: gli indirizzi IP o i nomi a dominio dei computer e di altri dispositivi utilizzati dagli utenti che si connettono al sito; gli indirizzi in notazione URI (Uniform Resource Identifier) delle risorse richieste ed eventuali indicazioni temporali delle stesse; parametri relativi al sistema operativo e all\u2019ambiente informatico dell\u2019utente; pagine di partenza e di arrivo; indice di Navigazione e comportamenti identificativi durante la visualizzazione delle pagine del sito.<br \/>\nDati personali forniti volontariamente dall\u2019utente: l\u2019invio facoltativo, esplicito e volontario di posta elettronica agli indirizzi indicati su questo sito e la compilazione di form presenti sul medesimo comporta la successiva acquisizione dei dati personali del mittente (a mero titolo esemplificativo nome, cognome, indirizzo mail). Specifiche informative di sintesi sono presenti nelle pagine che prevedono i form.<br \/>\nFinalit\u00e0 del trattamento: i Suoi dati raccolti durante la navigazione verranno trattati per le seguenti finalit\u00e0.<br \/>\n1) svolgimento di operazioni strettamente connesse e strumentali alla gestione dei rapporti con gli utenti o dei visitatori del sito;<br \/>\n2) raccolta, conservazione ed elaborazione dei suoi dati per analisi statistiche anche in forma anonima e\/o aggregata; analisi statistiche volte alla verifica della qualit\u00e0 dei servizi offerti dal sito;<\/p>\n<p>Il trattamento dei dati per l\u2019espletamento della finalit\u00e0 di cui al punto 1 \u00e8 necessaria per adempiere ad una sua richiesta e l\u2019eventuale rifiuto potrebbe limitare e\/o impedire l\u2019utilizzo in pieno delle funzionalit\u00e0 e dei servizi presenti sul sito. La base giuridica per il trattamento dei Suoi dati per le finalit\u00e0 di cui al punto 1 \u00e8 1 il legittimo interesse art. 6 lett.f) e considerando 47 del GDPR. Il trattamento \u00e8 necessario per il perseguimento del legittimo interesse del titolare del trattamento o di terzi, a condizione che non prevalgano gli interessi o i diritti e le libert\u00e0 fondamentali dell\u2019interessato che richiedono la protezione dei dati personali, tenuto conto delle ragionevoli aspettative nutrite dall\u2019interessato in base alla sua relazione con il titolare del trattamento. Attivit\u00e0 strettamente necessarie al funzionamento del sito e all\u2019erogazione del servizio di navigazione sulla piattaforma\u2026Il conferimento dei dati indicati nella finalit\u00e0 2 \u00e8 facoltativo sulla base giuridica del consenso, ed un suo eventuale rifiuto al trattamento non compromette le funzionalit\u00e0 e i servizi presenti sul sito. La base giuridica per il trattamento dei Suoi dati per la finalit\u00e0 di cui al punto 2, \u00e8 facoltativo, ai sensi dell\u2019articolo 6.1.a). Il consenso viene prestato tramite l\u2019informativa breve cliccando sulla parola \u201cACCETTA I COOKIE\u201d presente nell\u2019informativa breve. Relativamente al conferimento facoltativo vengono rese maggiori informazioni relative ai cookie presenti sul sito nel documento cookie policy accessibile anche dall\u2019informativa breve.<br \/>\nI dati di navigazione sono conservati per i tempi indicati nella cookie policy disponibile sul sito.<\/p>\n<p>COOKIE ED ALTRI SISTEMI DI TRACCIAMENTO<br \/>\nI suoi dati sono raccolti anche mediante strumenti e servizi erogati da terze parti e conservati dagli stessi. Per maggiori informazioni e per visualizzare l\u2019elenco si rimanda al documento \u201ccookie policy\u201d<br \/>\nSi avvisa che Italmedic S.r.l. funge meramente da intermediario per i link riportati nella cookie policy e non pu\u00f2 assumersi nessuna responsabilit\u00e0 in caso di eventuale modifica.<br \/>\nMODALITA\u2019 DEL TRATTAMENTO DEI DATI PERSONALI<br \/>\nI suoi dati personali saranno trattati con modalit\u00e0 elettroniche e\/o telematiche, mediante l\u2019utilizzo di cookie (come indicato nella cookie policy disponibile sul sito) e a mezzo di calcolatori elettronici con utilizzo di software di terze parti, nel rispetto delle modalit\u00e0 di cui agli artt. 6, 32 del GDPR e mediante l\u2019adozione delle adeguate misure di sicurezza previste.<br \/>\nDESTINATARI DEI DATI PERSONALI E DIFFUSIONE DEI DATI<br \/>\nI suoi dati saranno trattati da personale opportunamente incaricato e saranno comunicati all\u2019esterno a societ\u00e0 che agiscono in qualit\u00e0 di autonomo Titolare o Responsabile del trattamento:<br \/>\nsoggetti esterni che forniscono servizi in cloud;<br \/>\nfornitori di servizi di assistenza tecnica;<br \/>\nsociet\u00e0 terze che forniscono i servizi per la gestione del sistema informatico, ivi inclusi i servizi di hosting dei server e di backup;<br \/>\nsociet\u00e0 terze che erogano servizi di terze parti.<br \/>\nL\u2019elenco completo pu\u00f2 essere richiesto scrivendo ai recapiti del Titolare<br \/>\nI suoi dati non saranno oggetto di diffusione.<br \/>\nPERIODO DI CONSERVAZIONE<br \/>\nLe segnaliamo che, nel rispetto dei principi di liceit\u00e0, limitazione delle finalit\u00e0 e minimizzazione dei dati, ai sensi<br \/>\ndell\u2019art. 5 del GDPR, i dati di navigazione sono conservati per i tempi indicati nella cookie policy disponibile sul sito.<\/p>\n<p>TRASFERIMENTO DEI DATI<br \/>\nPer verificare eventuali trasferimenti dei suoi dati al di fuori del territorio nazionale e\/o europeo la invitiamo a prendere visione di quanto indicato nella Cookie Policy delle societ\u00e0 che erogano i servizi relativi ai cookie di terze parti. Per maggiori informazioni scrivere a info@italmedic.com<br \/>\nNel caso in cui i server siano allocati in territori europei aggiungere quanto indicato nel commento.<\/p>\n<p>MINORI<br \/>\nIl Sito non \u00e8 diretto all\u2019utilizzo da parte di minori e non sono raccolti dati di minori da parte del Titolare. Nel caso in cui il Titolare sia a conoscenza della raccolta di tali dati (es. tramite form presenti sul sito) li canceller\u00e0 immediatamente. Il Titolare risponder\u00e0 alle richieste di informazioni in conformit\u00e0 con le leggi applicabili. Si ricorda che l\u2019esercente la responsabilit\u00e0 genitoriale \u00e8 tenuto nel caso di richieste di informazioni a fornirci il consenso alla raccolta dei dati personali del minore.<\/p>\n<p>TITOLARE DEL TRATTAMENTO<br \/>\nIl Titolare del trattamento \u00e8 Italmedic S.r.l., con sede legale in Via G. B. Venturi, 100, 42020 Bibbiano RE \u2013 Tel: 3387240387 \u2013 mail info@italmedic.com nella persona del legale rappresentante pro-tempore.<\/p>\n<p>Lei ha diritto di ottenere dal Titolare la cancellazione (diritto all\u2019oblio), la limitazione, l\u2019aggiornamento, la rettificazione, la portabilit\u00e0, l\u2019opposizione al trattamento dei dati personali che La riguardano, nonch\u00e9 in generale pu\u00f2 esercitare tutti i diritti previsti dagli artt. 15 e seguenti del Regolamento Europeo 2016\/679 scrivendo info@italmedic.com oppure contattando il Titolare ai recapiti aziendali forniti nel presente documento. L\u2019interessato ha il diritto di proporre reclamo all\u2019Autorit\u00e0 di controllo<\/p>\n<p>APPLICAZIONE DELLA PRESENTE INFORMATIVA<br \/>\nSe avete dubbi riguardo la presente Informativa, contattate innanzitutto Italmedic. S.r.l. inviando una\u00a0e-mail all\u2019indirizzo info@italmedic.com oppure contattando il Titolare ai recapiti aziendali forniti nel presente documento.<br \/>\nMODIFICHE ALLA PRESENTE INFORMATIVA<br \/>\nItalmedic S.r.l. si riserva il diritto di aggiornare la presente informativa per adeguarla al diritto sopravveniente, nonch\u00e9 tenendo in debita considerazione i suggerimenti trasmessi da dipendenti, clienti, collaboratori e utenti. In caso di modifiche da parte di Italmedic S.r.l., verr\u00e0 tempestivamente aggiornata l\u2019Informativa Privacy presente sulla pagina principale di privacy e sulla Homepage del sito web www.italmedic.com<br \/>\nDIRITTI DEGLI INTERESSATI<br \/>\nReg.to UE 2016\/679: Artt. 15, 16, 17, 18, 19, 20, 21, 22 \u2013 Diritti dell\u2019Interessato<br \/>\n1. L\u2019interessato ha diritto di ottenere la conferma dell\u2019esistenza o meno di dati personali che lo riguardano, anche se non ancora registrati, e la loro comunicazione in forma intelligibile e la possibilit\u00e0 di effettuare reclamo presso l\u2019Autorit\u00e0 di controllo.<br \/>\n2. L\u2019interessato ha diritto di ottenere l\u2019indicazione:<br \/>\ndell\u2019origine dei dati personali;<br \/>\ndelle finalit\u00e0 e modalit\u00e0 del trattamento;<br \/>\ndella logica applicata in caso di trattamento effettuato con l\u2019ausilio di strumenti elettronici;<br \/>\ndegli estremi identificativi del titolare, dei responsabili e del rappresentante designato ai sensi dell\u2019articolo 5, comma 2;<br \/>\ndei soggetti o delle categorie di soggetti ai quali i dati personali possono essere comunicati o che possono venirne a conoscenza in qualit\u00e0 di rappresentante designato nel territorio dello Stato, di responsabili o personale autorizzato al trattamento dei dati personali.<br \/>\n3. L\u2019interessato ha diritto di ottenere:<br \/>\nl\u2019aggiornamento, la rettificazione ovvero, quando vi ha interesse, l\u2019integrazione dei dati;<br \/>\nla cancellazione, la trasformazione in forma anonima o il blocco dei dati trattati in violazione di legge, compresi quelli di cui non \u00e8 necessaria la conservazione in relazione agli scopi per i quali i dati sono stati raccolti o successivamente trattati;<br \/>\nl\u2019attestazione che le operazioni di cui alle lettere a) e b) sono state portate a conoscenza, anche per quanto riguarda il loro contenuto, di coloro ai quali i dati sono stati comunicati o diffusi, eccettuato il caso in cui tale adempimento si rivela impossibile o comporta un impiego di mezzi manifestamente sproporzionato rispetto al diritto tutelato;<br \/>\nla portabilit\u00e0 dei dati.<br \/>\n4. L\u2019interessato ha diritto di opporsi, in tutto o in parte:<br \/>\nper motivi legittimi al trattamento dei dati personali che lo riguardano, ancorch\u00e9 pertinenti allo scopo della raccolta;<br \/>\nal trattamento di dati personali che lo riguardano a fini di invio di materiale pubblicitario o di vendita diretta o per il compimento di ricerche di mercato o di comunicazione commerciale<\/p>\n\n\t\t<\/div> \n\t<\/div> <\/div><\/div><\/div><div class=\"wpb_column vc_column_container vc_col-sm-2\"><div class=\"vc_column-inner\"><div class=\"wpb_wrapper\"><\/div><\/div><\/div><\/div><\/div>\n<\/section>","protected":false},"excerpt":{"rendered":"NORMATIVA SULLA PRIVACY Aggiornata al 25.09.2021 Questa informativa \u00e8 redatta e personalizzata per i visitatori del sito web italmedic.com. Il presente documento annulla e sostituisce integralmente il documento che era stato pubblicato in precedenza in tema di cookie. PRIVACY POLICY \u2013 INFORMATIVA SITO WEB AI...","protected":false},"author":1,"featured_media":0,"parent":0,"menu_order":0,"comment_status":"closed","ping_status":"closed","template":"full_width.php","meta":{"footnotes":""},"class_list":["post-134","page","type-page","status-publish","hentry"],"_links":{"self":[{"href":"https:\/\/www.italmedic.com\/en\/wp-json\/wp\/v2\/pages\/134","targetHints":{"allow":["GET"]}}],"collection":[{"href":"https:\/\/www.italmedic.com\/en\/wp-json\/wp\/v2\/pages"}],"about":[{"href":"https:\/\/www.italmedic.com\/en\/wp-json\/wp\/v2\/types\/page"}],"author":[{"embeddable":true,"href":"https:\/\/www.italmedic.com\/en\/wp-json\/wp\/v2\/users\/1"}],"replies":[{"embeddable":true,"href":"https:\/\/www.italmedic.com\/en\/wp-json\/wp\/v2\/comments?post=134"}],"version-history":[{"count":2,"href":"https:\/\/www.italmedic.com\/en\/wp-json\/wp\/v2\/pages\/134\/revisions"}],"predecessor-version":[{"id":137,"href":"https:\/\/www.italmedic.com\/en\/wp-json\/wp\/v2\/pages\/134\/revisions\/137"}],"wp:attachment":[{"href":"https:\/\/www.italmedic.com\/en\/wp-json\/wp\/v2\/media?parent=134"}],"curies":[{"name":"wp","href":"https:\/\/api.w.org\/{rel}","templated":true}]}}